{"id":555,"date":"2021-03-27T04:20:35","date_gmt":"2021-03-27T04:20:35","guid":{"rendered":"https:\/\/dmlcamasirhane.com\/?page_id=555"},"modified":"2023-08-21T00:23:17","modified_gmt":"2023-08-20T21:23:17","slug":"home","status":"publish","type":"page","link":"https:\/\/dmlcamasirhane.com\/","title":{"rendered":"Anasayfa"},"content":{"rendered":"\n<div class=\"wp-block-cover alignfull is-light\" style=\"min-height:720px;aspect-ratio:unset;\"><span aria-hidden=\"true\" class=\"wp-block-cover__background has-background-dim wp-block-cover__gradient-background has-background-gradient has-blush-bordeaux-gradient-background\"><\/span><img data-recalc-dims=\"1\" loading=\"lazy\" decoding=\"async\" width=\"1811\" height=\"648\" class=\"wp-block-cover__image-background wp-image-603\" alt=\"\" src=\"https:\/\/i0.wp.com\/dmlcamasirhane.com\/wp-content\/uploads\/2023\/08\/A89ADFE3.jpg?resize=1811%2C648&#038;ssl=1\" style=\"object-position:84% 53%\" data-object-fit=\"cover\" data-object-position=\"84% 53%\" srcset=\"https:\/\/i0.wp.com\/dmlcamasirhane.com\/wp-content\/uploads\/2023\/08\/A89ADFE3.jpg?w=1811&amp;ssl=1 1811w, https:\/\/i0.wp.com\/dmlcamasirhane.com\/wp-content\/uploads\/2023\/08\/A89ADFE3.jpg?resize=300%2C107&amp;ssl=1 300w, https:\/\/i0.wp.com\/dmlcamasirhane.com\/wp-content\/uploads\/2023\/08\/A89ADFE3.jpg?resize=1024%2C366&amp;ssl=1 1024w, https:\/\/i0.wp.com\/dmlcamasirhane.com\/wp-content\/uploads\/2023\/08\/A89ADFE3.jpg?resize=768%2C275&amp;ssl=1 768w, https:\/\/i0.wp.com\/dmlcamasirhane.com\/wp-content\/uploads\/2023\/08\/A89ADFE3.jpg?resize=1536%2C550&amp;ssl=1 1536w\" sizes=\"auto, (max-width: 1000px) 100vw, 1000px\" \/><div class=\"wp-block-cover__inner-container is-layout-flow wp-block-cover-is-layout-flow\">\n<div class=\"inherit-container-width wp-block-group alignwide is-layout-constrained wp-block-group-is-layout-constrained\">\n<div class=\"wp-block-media-text alignwide has-media-on-the-right is-stacked-on-mobile is-vertically-aligned-center\" style=\"grid-template-columns:auto 15%\"><div class=\"wp-block-media-text__content\">\n<h1 class=\"wp-block-heading has-text-align-left has-white-color has-text-color\">DML \u00c7ama\u015f\u0131rhane<\/h1>\n\n\n\n<p>Dml \u00c7ama\u015f\u0131rhane \u0130zmir\u2019de faaliyet g\u00f6steren Otel tekstil \u00fcr\u00fcnleri y\u0131kama ve temizleme \u015firketi, otellerin ihtiya\u00e7lar\u0131na uygun hizmetler sunarlar. Profesyonel ekipmanlar ve temizlik \u00fcr\u00fcnleri kullanarak, tekstil \u00fcr\u00fcnlerini derinlemesine temizleyebilir. Ayr\u0131ca, otellerin zaman\u0131ndan ve enerjisinden tasarruf etmelerini sa\u011flarlar. Detayl\u0131 bilgi i\u00e7in bizimle ileti\u015fime ge\u00e7ebilirsiniz.<\/p>\n\n\n\n<div class=\"wp-block-buttons alignwide is-layout-flex wp-block-buttons-is-layout-flex\">\n<div class=\"wp-block-button\"><a class=\"wp-block-button__link has-ast-global-color-5-color has-vivid-red-background-color has-text-color has-background wp-element-button\" href=\"tel:+905348783105\">Telefon Aramas\u0131 i\u00e7in T\u0131klay\u0131n<\/a><\/div>\n<\/div>\n<\/div><figure class=\"wp-block-media-text__media\"><img data-recalc-dims=\"1\" loading=\"lazy\" decoding=\"async\" width=\"1024\" height=\"1024\" src=\"https:\/\/i0.wp.com\/dmlcamasirhane.com\/wp-content\/uploads\/2023\/08\/DML-CAMASIRHANE-Kopya.png?resize=1024%2C1024&#038;ssl=1\" alt=\"\" class=\"wp-image-648 size-medium\" srcset=\"https:\/\/i0.wp.com\/dmlcamasirhane.com\/wp-content\/uploads\/2023\/08\/DML-CAMASIRHANE-Kopya.png?resize=1024%2C1024&amp;ssl=1 1024w, https:\/\/i0.wp.com\/dmlcamasirhane.com\/wp-content\/uploads\/2023\/08\/DML-CAMASIRHANE-Kopya.png?resize=300%2C300&amp;ssl=1 300w, https:\/\/i0.wp.com\/dmlcamasirhane.com\/wp-content\/uploads\/2023\/08\/DML-CAMASIRHANE-Kopya.png?resize=150%2C150&amp;ssl=1 150w, https:\/\/i0.wp.com\/dmlcamasirhane.com\/wp-content\/uploads\/2023\/08\/DML-CAMASIRHANE-Kopya.png?resize=768%2C768&amp;ssl=1 768w, https:\/\/i0.wp.com\/dmlcamasirhane.com\/wp-content\/uploads\/2023\/08\/DML-CAMASIRHANE-Kopya.png?resize=1536%2C1536&amp;ssl=1 1536w, https:\/\/i0.wp.com\/dmlcamasirhane.com\/wp-content\/uploads\/2023\/08\/DML-CAMASIRHANE-Kopya.png?resize=2048%2C2048&amp;ssl=1 2048w\" sizes=\"auto, (max-width: 1000px) 100vw, 1000px\" \/><\/figure><\/div>\n<\/div>\n<\/div><\/div>\n\n\n\n<div class=\"wp-block-group alignfull has-ast-global-color-5-background-color has-background is-layout-constrained wp-container-core-group-is-layout-9cedb757 wp-block-group-is-layout-constrained\" style=\"padding-bottom:0px\">\n<div class=\"wp-block-columns are-vertically-aligned-top is-layout-flex wp-container-core-columns-is-layout-00723822 wp-block-columns-is-layout-flex\">\n<div class=\"wp-block-column is-vertically-aligned-top is-layout-flow wp-container-core-column-is-layout-6b73ce23 wp-block-column-is-layout-flow\">\n<figure class=\"wp-block-image size-full is-resized\"><img loading=\"lazy\" decoding=\"async\" src=\"https:\/\/dmlcamasirhane.com\/wp-content\/uploads\/2023\/08\/hizmet.svg\" alt=\"\" class=\"wp-image-587\" style=\"width:144px;height:111px\" width=\"144\" height=\"111\"\/><\/figure>\n\n\n\n<h3 class=\"wp-block-heading has-text-align-left\" style=\"margin-top:16px\">Hizmet Alan\u0131<\/h3>\n\n\n\n<p class=\"has-text-align-left\">Otelin tekstil \u00fcr\u00fcnleri, yani \u00e7ar\u015faf, havlu ve yast\u0131k k\u0131l\u0131flar\u0131 gibi \u00fcr\u00fcnlerinizi \u00f6zenle temizliyoruz.<\/p>\n<\/div>\n\n\n\n<div class=\"wp-block-column is-vertically-aligned-top is-layout-flow wp-container-core-column-is-layout-6b73ce23 wp-block-column-is-layout-flow\">\n<figure class=\"wp-block-image size-full is-resized\"><img loading=\"lazy\" decoding=\"async\" src=\"https:\/\/dmlcamasirhane.com\/wp-content\/uploads\/2023\/08\/hijyen.svg\" alt=\"\" class=\"wp-image-575\" style=\"width:129px;height:102px\" width=\"129\" height=\"102\"\/><\/figure>\n\n\n\n<h3 class=\"wp-block-heading has-text-align-left\" style=\"margin-top:16px\">\u00dcst\u00fcn Hijyen  <\/h3>\n\n\n\n<p class=\"has-text-align-left\">Son Teknoloji mankine park\u0131m\u0131zla hizmet veriyoruz.<br>m\u00fc\u015fteri memnuniyetine \u00f6nem veriyoruz.<\/p>\n<\/div>\n\n\n\n<div class=\"wp-block-column is-vertically-aligned-top is-layout-flow wp-container-core-column-is-layout-6b73ce23 wp-block-column-is-layout-flow\">\n<figure class=\"wp-block-image size-full is-resized\"><img loading=\"lazy\" decoding=\"async\" src=\"https:\/\/dmlcamasirhane.com\/wp-content\/uploads\/2023\/08\/planlama.svg\" alt=\"\" class=\"wp-image-576\" style=\"width:133px;height:113px\" width=\"133\" height=\"113\"\/><\/figure>\n\n\n\n<h3 class=\"wp-block-heading has-text-align-left\" style=\"margin-top:16px\">Planlama<\/h3>\n\n\n\n<p class=\"has-text-align-left\">\u00dcr\u00fcnlerinizi zaman\u0131nda teslim al\u0131p zaman\u0131nda teslim ediyoruz. <\/p>\n<\/div>\n\n\n\n<div class=\"wp-block-column is-vertically-aligned-top is-layout-flow wp-container-core-column-is-layout-6b73ce23 wp-block-column-is-layout-flow\">\n<figure class=\"wp-block-image size-full is-resized\"><img loading=\"lazy\" decoding=\"async\" src=\"https:\/\/dmlcamasirhane.com\/wp-content\/uploads\/2023\/08\/servis2.svg\" alt=\"\" class=\"wp-image-588\" style=\"width:116px;height:113px\" width=\"116\" height=\"113\"\/><\/figure>\n\n\n\n<h3 class=\"wp-block-heading has-text-align-left\" style=\"margin-top:16px\">Servis<\/h3>\n\n\n\n<p class=\"has-text-align-left\">Kendi ara\u00e7lar\u0131m\u0131zla \u00fcr\u00fcnlerinizi adresinizden al\u0131p temizlik i\u015flemi bittikten sonra tekrar teslim ediyoruz. <\/p>\n<\/div>\n<\/div>\n<\/div>\n\n\n\n<div class=\"wp-block-group alignfull is-layout-constrained wp-container-core-group-is-layout-45b0ac4f wp-block-group-is-layout-constrained\" id=\"services\" style=\"padding-top:144px;padding-bottom:0px\">\n<h2 class=\"wp-block-heading\"><strong>Hizmetlerimiz<\/strong><\/h2>\n\n\n\n<div class=\"wp-block-columns is-layout-flex wp-container-core-columns-is-layout-60cbf9bb wp-block-columns-is-layout-flex\" style=\"margin-top:50px\">\n<div class=\"wp-block-column is-layout-flow wp-container-core-column-is-layout-6b73ce23 wp-block-column-is-layout-flow\">\n<figure class=\"wp-block-gallery has-nested-images columns-default is-cropped wp-block-gallery-1 is-layout-flex wp-block-gallery-is-layout-flex\">\n<figure class=\"wp-block-image size-full\"><img data-recalc-dims=\"1\" loading=\"lazy\" decoding=\"async\" width=\"416\" height=\"594\" data-id=\"596\" src=\"https:\/\/i0.wp.com\/dmlcamasirhane.com\/wp-content\/uploads\/2023\/08\/1-otel-tekstl-yikama.png?resize=416%2C594&#038;ssl=1\" alt=\"\" class=\"wp-image-596\" srcset=\"https:\/\/i0.wp.com\/dmlcamasirhane.com\/wp-content\/uploads\/2023\/08\/1-otel-tekstl-yikama.png?w=416&amp;ssl=1 416w, https:\/\/i0.wp.com\/dmlcamasirhane.com\/wp-content\/uploads\/2023\/08\/1-otel-tekstl-yikama.png?resize=210%2C300&amp;ssl=1 210w\" sizes=\"auto, (max-width: 416px) 100vw, 416px\" \/><\/figure>\n<\/figure>\n\n\n\n<h3 class=\"wp-block-heading\" style=\"margin-top:16px\">Otel Tekstil Y\u0131kama <\/h3>\n\n\n\n<p>Otel i\u015fletmecili\u011fi, m\u00fc\u015fterilerin konaklama s\u00fcreleri boyunca en iyi deneyimi ya\u015famalar\u0131n\u0131 sa\u011flamakla ilgilidir. Bu deneyimi etkileyen fakt\u00f6rlerden biri de temizlik standartlar\u0131d\u0131r. Otelin tekstil \u00fcr\u00fcnleri, yani \u00e7ar\u015faf, havlu ve yast\u0131k k\u0131l\u0131flar\u0131, konuklar\u0131n rahatl\u0131\u011f\u0131 ve sa\u011fl\u0131\u011f\u0131 i\u00e7in b\u00fcy\u00fck \u00f6nem ta\u015f\u0131r.<\/p>\n\n\n\n<p>Otelinizde kullan\u0131lan tekstil \u00fcr\u00fcnlerinin temizli\u011fi ve hijyenik olmas\u0131, konuklar\u0131n kendilerini g\u00fcvende hissetmelerini sa\u011flar. Temiz ve ferah bir oda, konuklar\u0131n memnuniyetini art\u0131r\u0131r ve tekrar geleceklerini garanti eder.<\/p>\n<\/div>\n\n\n\n<div class=\"wp-block-column is-layout-flow wp-container-core-column-is-layout-6b73ce23 wp-block-column-is-layout-flow\">\n<figure class=\"wp-block-gallery has-nested-images columns-default is-cropped wp-block-gallery-2 is-layout-flex wp-block-gallery-is-layout-flex\">\n<figure class=\"wp-block-image size-full\"><img data-recalc-dims=\"1\" loading=\"lazy\" decoding=\"async\" width=\"484\" height=\"611\" data-id=\"586\" src=\"https:\/\/i0.wp.com\/dmlcamasirhane.com\/wp-content\/uploads\/2023\/08\/71-1.png?resize=484%2C611&#038;ssl=1\" alt=\"\" class=\"wp-image-586\" srcset=\"https:\/\/i0.wp.com\/dmlcamasirhane.com\/wp-content\/uploads\/2023\/08\/71-1.png?w=484&amp;ssl=1 484w, https:\/\/i0.wp.com\/dmlcamasirhane.com\/wp-content\/uploads\/2023\/08\/71-1.png?resize=238%2C300&amp;ssl=1 238w\" sizes=\"auto, (max-width: 484px) 100vw, 484px\" \/><\/figure>\n<\/figure>\n\n\n\n<h3 class=\"wp-block-heading\" style=\"margin-top:16px\">M\u00fc\u015fteri Memnuniyeti<\/h3>\n\n\n\n<p>Profesyonel bir tekstil temizleme hizmeti, otel i\u015fletmecilerine zaman ve enerji tasarrufu sa\u011flar. \u0130\u015fletmenin yo\u011funlu\u011fu i\u00e7erisinde, tekstil \u00fcr\u00fcnlerinin y\u0131kama ve temizleme i\u015fleri s\u0131k\u0131c\u0131 ve zahmetli olabilir. Bu nedenle, uzman bir ekip taraf\u0131ndan yap\u0131lan profesyonel temizlik hizmeti, zaman\u0131n\u0131z\u0131 ve kaynaklar\u0131n\u0131z\u0131 ba\u015fka \u015feylere odaklaman\u0131z\u0131 sa\u011flar.<\/p>\n<\/div>\n\n\n\n<div class=\"wp-block-column is-layout-flow wp-container-core-column-is-layout-6b73ce23 wp-block-column-is-layout-flow\">\n<figure class=\"wp-block-image size-large\"><img data-recalc-dims=\"1\" loading=\"lazy\" decoding=\"async\" width=\"819\" height=\"1024\" src=\"https:\/\/i0.wp.com\/dmlcamasirhane.com\/wp-content\/uploads\/2023\/08\/SERVIS-TESLIMAT.png?resize=819%2C1024&#038;ssl=1\" alt=\"\" class=\"wp-image-613\" srcset=\"https:\/\/i0.wp.com\/dmlcamasirhane.com\/wp-content\/uploads\/2023\/08\/SERVIS-TESLIMAT.png?resize=819%2C1024&amp;ssl=1 819w, https:\/\/i0.wp.com\/dmlcamasirhane.com\/wp-content\/uploads\/2023\/08\/SERVIS-TESLIMAT.png?resize=240%2C300&amp;ssl=1 240w, https:\/\/i0.wp.com\/dmlcamasirhane.com\/wp-content\/uploads\/2023\/08\/SERVIS-TESLIMAT.png?resize=768%2C960&amp;ssl=1 768w, https:\/\/i0.wp.com\/dmlcamasirhane.com\/wp-content\/uploads\/2023\/08\/SERVIS-TESLIMAT.png?resize=1229%2C1536&amp;ssl=1 1229w, https:\/\/i0.wp.com\/dmlcamasirhane.com\/wp-content\/uploads\/2023\/08\/SERVIS-TESLIMAT.png?resize=1638%2C2048&amp;ssl=1 1638w, https:\/\/i0.wp.com\/dmlcamasirhane.com\/wp-content\/uploads\/2023\/08\/SERVIS-TESLIMAT.png?w=2000&amp;ssl=1 2000w\" sizes=\"auto, (max-width: 819px) 100vw, 819px\" \/><\/figure>\n\n\n\n<h3 class=\"wp-block-heading\" style=\"margin-top:16px\">Servis \/ Teslimat<\/h3>\n\n\n\n<p>izmir B\u00f6lgesinde faaliyet g\u00f6steren M\u00fc\u015fterilerimizin \u00dcr\u00fcnlerine \u00f6zenle y\u0131kay\u0131p paketliyoruz. Sistematik planlamam\u0131z sayesinde \u00fcr\u00fcnleriniz size zaman\u0131nda ula\u015ft\u0131r\u0131yoruz.<\/p>\n<\/div>\n<\/div>\n<\/div>\n\n\n\n<div class=\"wp-block-group alignfull has-ast-global-color-5-background-color has-background is-layout-constrained wp-container-core-group-is-layout-94d206d0 wp-block-group-is-layout-constrained\" id=\"about\" style=\"padding-top:143px;padding-bottom:144px\">\n<div class=\"wp-block-media-text has-media-on-the-right is-stacked-on-mobile is-vertically-aligned-center\" style=\"grid-template-columns:auto 38%\"><div class=\"wp-block-media-text__content\">\n<div class=\"inherit-container-width wp-block-group is-layout-constrained wp-block-group-is-layout-constrained\">\n<h2 class=\"wp-block-heading\" style=\"padding-right:40px\">Hakk\u0131m\u0131zda<\/h2>\n\n\n\n<p>Hizmet kalitenizi ve Hijyeninizi art\u0131rmak i\u00e7in var\u0131z<\/p>\n\n\n\n<p>Otelinizde misafirlerinizi  a\u011f\u0131rlamak ve belirli hijyen standartlar\u0131ndan \u00f6d\u00fcn vermeden hizmetinize devam edebilmeniz i\u00e7in var\u0131z.<br>do\u011fru planlama ve profesyonel makine park\u0131m\u0131z ve 24 saat \u00e7al\u0131\u015fan deneyimli kadromuz ve g\u00fcnl\u00fck 2 ton \u00e7ama\u015f\u0131r y\u0131kama kapasitemiz ile sizlerin hizmetinizdeyiz. do\u011fru planlama son teknoloji makinelerimizle temizlik kalitemizden \u00f6d\u00fcn vermeden her zaman \u00e7\u00f6z\u00fcm orta\u011f\u0131n\u0131z oluyoruz.<\/p>\n<\/div>\n<\/div><figure class=\"wp-block-media-text__media\"><img data-recalc-dims=\"1\" loading=\"lazy\" decoding=\"async\" width=\"1024\" height=\"1024\" src=\"https:\/\/i0.wp.com\/dmlcamasirhane.com\/wp-content\/uploads\/2023\/08\/3-Kopya.jpg?resize=1024%2C1024&#038;ssl=1\" alt=\"\" class=\"wp-image-652 size-full\" srcset=\"https:\/\/i0.wp.com\/dmlcamasirhane.com\/wp-content\/uploads\/2023\/08\/3-Kopya.jpg?resize=1024%2C1024&amp;ssl=1 1024w, https:\/\/i0.wp.com\/dmlcamasirhane.com\/wp-content\/uploads\/2023\/08\/3-Kopya.jpg?resize=300%2C300&amp;ssl=1 300w, https:\/\/i0.wp.com\/dmlcamasirhane.com\/wp-content\/uploads\/2023\/08\/3-Kopya.jpg?resize=150%2C150&amp;ssl=1 150w, https:\/\/i0.wp.com\/dmlcamasirhane.com\/wp-content\/uploads\/2023\/08\/3-Kopya.jpg?resize=768%2C768&amp;ssl=1 768w, https:\/\/i0.wp.com\/dmlcamasirhane.com\/wp-content\/uploads\/2023\/08\/3-Kopya.jpg?w=1080&amp;ssl=1 1080w\" sizes=\"auto, (max-width: 1000px) 100vw, 1000px\" \/><\/figure><\/div>\n<\/div>\n\n\n\n<div class=\"wp-block-group alignfull has-ast-global-color-4-background-color has-background is-layout-constrained wp-container-core-group-is-layout-6a2cfb7b wp-block-group-is-layout-constrained\" id=\"reviews\">\n<figure class=\"wp-block-image aligncenter size-large is-resized\"><img data-recalc-dims=\"1\" loading=\"lazy\" decoding=\"async\" src=\"https:\/\/i0.wp.com\/dmlcamasirhane.com\/wp-content\/uploads\/2023\/08\/DML-CAMASIRHANE-Kopya.png?resize=152%2C152&#038;ssl=1\" alt=\"\" class=\"wp-image-648\" style=\"width:152px;height:152px\" width=\"152\" height=\"152\" srcset=\"https:\/\/i0.wp.com\/dmlcamasirhane.com\/wp-content\/uploads\/2023\/08\/DML-CAMASIRHANE-Kopya.png?resize=1024%2C1024&amp;ssl=1 1024w, https:\/\/i0.wp.com\/dmlcamasirhane.com\/wp-content\/uploads\/2023\/08\/DML-CAMASIRHANE-Kopya.png?resize=300%2C300&amp;ssl=1 300w, https:\/\/i0.wp.com\/dmlcamasirhane.com\/wp-content\/uploads\/2023\/08\/DML-CAMASIRHANE-Kopya.png?resize=150%2C150&amp;ssl=1 150w, https:\/\/i0.wp.com\/dmlcamasirhane.com\/wp-content\/uploads\/2023\/08\/DML-CAMASIRHANE-Kopya.png?resize=768%2C768&amp;ssl=1 768w, https:\/\/i0.wp.com\/dmlcamasirhane.com\/wp-content\/uploads\/2023\/08\/DML-CAMASIRHANE-Kopya.png?resize=1536%2C1536&amp;ssl=1 1536w, https:\/\/i0.wp.com\/dmlcamasirhane.com\/wp-content\/uploads\/2023\/08\/DML-CAMASIRHANE-Kopya.png?resize=2048%2C2048&amp;ssl=1 2048w\" sizes=\"auto, (max-width: 152px) 100vw, 152px\" \/><\/figure>\n\n\n\n<p class=\"has-text-align-center\" style=\"font-size:22px;line-height:1.6\">\u201cSekt\u00f6r\u00fcn lideri konumunda olup en ekonomik ve en iyi hizmeti sizlere sunmaktan mutluluk duyar\u201d<\/p>\n\n\n\n<p class=\"has-text-align-center\">DML Otel Tekstili Y\u0131kama Hizmeti<\/p>\n<\/div>\n\n\n\n<div class=\"wp-block-group alignfull is-layout-constrained wp-container-core-group-is-layout-3fee123f wp-block-group-is-layout-constrained\" id=\"whyus\" style=\"padding-top:144px;padding-bottom:144px\">\n<h2 class=\"wp-block-heading\"><br>Neden Bizi Se\u00e7melisiniz?<\/h2>\n\n\n\n<div class=\"wp-block-columns is-layout-flex wp-container-core-columns-is-layout-29aadeec wp-block-columns-is-layout-flex\" style=\"margin-top:60px\">\n<div class=\"wp-block-column is-layout-flow wp-container-core-column-is-layout-6b73ce23 wp-block-column-is-layout-flow\">\n<figure class=\"wp-block-image size-full is-resized\"><img loading=\"lazy\" decoding=\"async\" src=\"https:\/\/dmlcamasirhane.com\/wp-content\/uploads\/2023\/08\/isimizi-onemsiyoruz.svg\" alt=\"\" class=\"wp-image-572\" style=\"width:94px;height:89px\" width=\"94\" height=\"89\"\/><\/figure>\n\n\n\n<h3 class=\"wp-block-heading\" style=\"margin-top:16px\">\u0130\u015fimizi \u00d6nemsiyoruz<\/h3>\n\n\n\n<p>Biz, oteller i\u00e7in tekstil \u00fcr\u00fcnleri y\u0131kama ve temizleme hizmetinde en iyi se\u00e7enek olarak kar\u015f\u0131n\u0131za \u00e7\u0131k\u0131yoruz.<br>\u00d6ncelikli amac\u0131m\u0131z, m\u00fc\u015fterilerimize en kaliteli hizmeti sunmak ve beklentilerini kar\u015f\u0131lamakt\u0131r.<\/p>\n\n\n\n<p><\/p>\n<\/div>\n\n\n\n<div class=\"wp-block-column is-layout-flow wp-container-core-column-is-layout-6b73ce23 wp-block-column-is-layout-flow\">\n<figure class=\"wp-block-image size-full is-resized\"><img loading=\"lazy\" decoding=\"async\" src=\"https:\/\/dmlcamasirhane.com\/wp-content\/uploads\/2023\/08\/profesyonel.svg\" alt=\"\" class=\"wp-image-570\" style=\"width:93px;height:97px\" width=\"93\" height=\"97\"\/><\/figure>\n\n\n\n<h3 class=\"wp-block-heading\" style=\"margin-top:16px\">Profesyoneliz<\/h3>\n\n\n\n<p>\u0130zmir b\u00f6lgesinde faaliyet g\u00f6steren firmam\u0131z, uzun y\u0131llara dayanan deneyimi, profesyonel makine park\u0131 ve  kadrosuyla hizmetinizdedir.<\/p>\n<\/div>\n\n\n\n<div class=\"wp-block-column is-layout-flow wp-container-core-column-is-layout-6b73ce23 wp-block-column-is-layout-flow\">\n<figure class=\"wp-block-image size-full is-resized\"><img loading=\"lazy\" decoding=\"async\" src=\"https:\/\/dmlcamasirhane.com\/wp-content\/uploads\/2023\/08\/cozum-ortak.svg\" alt=\"\" class=\"wp-image-571\" style=\"width:115px;height:97px\" width=\"115\" height=\"97\"\/><\/figure>\n\n\n\n<h3 class=\"wp-block-heading\" style=\"margin-top:16px\">\u00c7\u00f6z\u00fcm Orta\u011f\u0131n\u0131z Oluyoruz.<\/h3>\n\n\n\n<p> Her bir tekstil \u00fcr\u00fcn\u00fcn\u00fcz\u00fc \u00f6zenle y\u0131kayarak, temizleyerek ve hijyenik bir \u015fekilde paketleyerek size teslim ediyoruz.<\/p>\n<\/div>\n<\/div>\n<\/div>\n\n\n\n<div class=\"wp-block-group alignfull has-ast-global-color-5-color has-vivid-red-background-color has-text-color has-background is-layout-constrained wp-container-core-group-is-layout-cfcca693 wp-block-group-is-layout-constrained\" id=\"contact\" style=\"padding-top:104px;padding-bottom:104px\">\n<h2 class=\"wp-block-heading has-text-align-center has-text-color\" style=\"color:#ffffff\">\u0130leti\u015fim &amp; Adres<br> Bilgileri<\/h2>\n\n\n\n<p class=\"has-text-align-center\"><strong><mark style=\"background-color:rgba(0, 0, 0, 0)\" class=\"has-inline-color has-ast-global-color-5-color\">Tun\u00e7 Sk. No:2,Limanreis, 35320 Narl\u0131dere\/\u0130zmir, 35500 Narl\u0131dere \/ \u0130zmir<\/mark><\/strong><\/p>\n\n\n\n<p class=\"has-text-align-center\"><mark style=\"background-color:rgba(0, 0, 0, 0)\" class=\"has-inline-color has-ast-global-color-5-color\"><strong>DML \u00c7ama\u015f\u0131rhane \u0130leti\u015fim : +90 534 878 31 05<\/strong><\/mark><\/p>\n\n\n\n<div class=\"wp-block-buttons alignwide is-horizontal is-content-justification-center is-layout-flex wp-container-core-buttons-is-layout-bba8380a wp-block-buttons-is-layout-flex\" style=\"margin-top:50px\">\n<div class=\"wp-block-button\"><a class=\"wp-block-button__link has-ast-global-color-5-color has-ast-global-color-0-background-color has-text-color has-background wp-element-button\" href=\"https:\/\/goo.gl\/maps\/vQzyy1LqEnUjdcBj6\">Adrese Gitmek i\u00e7in T\u0131klay\u0131n<\/a><\/div>\n\n\n\n<div class=\"wp-block-button\"><a class=\"wp-block-button__link has-ast-global-color-5-color has-ast-global-color-0-background-color has-text-color has-background wp-element-button\" href=\"tel:+905348783105\">Telefon Aramas\u0131 i\u00e7in T\u0131klay\u0131n<\/a><\/div>\n<\/div>\n<\/div>\n","protected":false},"excerpt":{"rendered":"<p>Hizmet Alan\u0131 Otelin tekstil \u00fcr\u00fcnleri, yani \u00e7ar\u015faf, havlu ve yast\u0131k k\u0131l\u0131flar\u0131 gibi \u00fcr\u00fcnlerinizi \u00f6zenle temizliyoruz. \u00dcst\u00fcn Hijyen Son Teknoloji mankine park\u0131m\u0131zla hizmet veriyoruz.m\u00fc\u015fteri memnuniyetine \u00f6nem veriyoruz. Planlama \u00dcr\u00fcnlerinizi zaman\u0131nda teslim al\u0131p zaman\u0131nda teslim ediyoruz. Servis Kendi ara\u00e7lar\u0131m\u0131zla \u00fcr\u00fcnlerinizi adresinizden al\u0131p temizlik i\u015flemi bittikten sonra tekrar teslim ediyoruz. Hizmetlerimiz Otel Tekstil Y\u0131kama Otel i\u015fletmecili\u011fi, m\u00fc\u015fterilerin konaklama [&hellip;]<\/p>\n","protected":false},"author":1,"featured_media":0,"parent":0,"menu_order":0,"comment_status":"closed","ping_status":"closed","template":"","meta":{"_monsterinsights_skip_tracking":false,"_monsterinsights_sitenote_active":false,"_monsterinsights_sitenote_note":"","_monsterinsights_sitenote_category":0,"site-sidebar-layout":"no-sidebar","site-content-layout":"plain-container","ast-site-content-layout":"normal-width-container","site-content-style":"unboxed","site-sidebar-style":"unboxed","ast-global-header-display":"","ast-banner-title-visibility":"","ast-main-header-display":"","ast-hfb-above-header-display":"","ast-hfb-below-header-display":"","ast-hfb-mobile-header-display":"","site-post-title":"disabled","ast-breadcrumbs-content":"disabled","ast-featured-img":"disabled","footer-sml-layout":"","theme-transparent-header-meta":"enabled","adv-header-id-meta":"","stick-header-meta":"","header-above-stick-meta":"","header-main-stick-meta":"","header-below-stick-meta":"","astra-migrate-meta-layouts":"set","ast-page-background-enabled":"default","ast-page-background-meta":{"desktop":{"background-color":"var(--ast-global-color-4)","background-image":"","background-repeat":"repeat","background-position":"center center","background-size":"auto","background-attachment":"scroll","background-type":"","background-media":"","overlay-type":"","overlay-color":"","overlay-opacity":"","overlay-gradient":""},"tablet":{"background-color":"","background-image":"","background-repeat":"repeat","background-position":"center center","background-size":"auto","background-attachment":"scroll","background-type":"","background-media":"","overlay-type":"","overlay-color":"","overlay-opacity":"","overlay-gradient":""},"mobile":{"background-color":"","background-image":"","background-repeat":"repeat","background-position":"center center","background-size":"auto","background-attachment":"scroll","background-type":"","background-media":"","overlay-type":"","overlay-color":"","overlay-opacity":"","overlay-gradient":""}},"ast-content-background-meta":{"desktop":{"background-color":"var(--ast-global-color-5)","background-image":"","background-repeat":"repeat","background-position":"center center","background-size":"auto","background-attachment":"scroll","background-type":"","background-media":"","overlay-type":"","overlay-color":"","overlay-opacity":"","overlay-gradient":""},"tablet":{"background-color":"var(--ast-global-color-5)","background-image":"","background-repeat":"repeat","background-position":"center center","background-size":"auto","background-attachment":"scroll","background-type":"","background-media":"","overlay-type":"","overlay-color":"","overlay-opacity":"","overlay-gradient":""},"mobile":{"background-color":"var(--ast-global-color-5)","background-image":"","background-repeat":"repeat","background-position":"center center","background-size":"auto","background-attachment":"scroll","background-type":"","background-media":"","overlay-type":"","overlay-color":"","overlay-opacity":"","overlay-gradient":""}},"footnotes":""},"class_list":["post-555","page","type-page","status-publish","hentry"],"aioseo_notices":[],"jetpack-related-posts":[],"jetpack_sharing_enabled":true,"_links":{"self":[{"href":"https:\/\/dmlcamasirhane.com\/index.php?rest_route=\/wp\/v2\/pages\/555","targetHints":{"allow":["GET"]}}],"collection":[{"href":"https:\/\/dmlcamasirhane.com\/index.php?rest_route=\/wp\/v2\/pages"}],"about":[{"href":"https:\/\/dmlcamasirhane.com\/index.php?rest_route=\/wp\/v2\/types\/page"}],"author":[{"embeddable":true,"href":"https:\/\/dmlcamasirhane.com\/index.php?rest_route=\/wp\/v2\/users\/1"}],"replies":[{"embeddable":true,"href":"https:\/\/dmlcamasirhane.com\/index.php?rest_route=%2Fwp%2Fv2%2Fcomments&post=555"}],"version-history":[{"count":34,"href":"https:\/\/dmlcamasirhane.com\/index.php?rest_route=\/wp\/v2\/pages\/555\/revisions"}],"predecessor-version":[{"id":656,"href":"https:\/\/dmlcamasirhane.com\/index.php?rest_route=\/wp\/v2\/pages\/555\/revisions\/656"}],"wp:attachment":[{"href":"https:\/\/dmlcamasirhane.com\/index.php?rest_route=%2Fwp%2Fv2%2Fmedia&parent=555"}],"curies":[{"name":"wp","href":"https:\/\/api.w.org\/{rel}","templated":true}]}}